{"id":173,"date":"2025-11-12T17:52:38","date_gmt":"2025-11-12T16:52:38","guid":{"rendered":"https:\/\/markenmotion.de\/?page_id=173"},"modified":"2025-11-14T10:20:15","modified_gmt":"2025-11-14T09:20:15","slug":"impressum","status":"publish","type":"page","link":"https:\/\/markenmotion.de\/index.php\/impressum\/","title":{"rendered":"Impressum"},"content":{"rendered":"<p>[et_pb_section fb_built=&#8221;1&#8243; theme_builder_area=&#8221;post_content&#8221; _builder_version=&#8221;4.14.1&#8243; _module_preset=&#8221;default&#8221;][et_pb_row _builder_version=&#8221;4.14.1&#8243; _module_preset=&#8221;default&#8221; theme_builder_area=&#8221;post_content&#8221;][et_pb_column _builder_version=&#8221;4.14.1&#8243; _module_preset=&#8221;default&#8221; type=&#8221;4_4&#8243; theme_builder_area=&#8221;post_content&#8221;][et_pb_text _builder_version=&#8221;4.14.1&#8243; _module_preset=&#8221;default&#8221; theme_builder_area=&#8221;post_content&#8221; hover_enabled=&#8221;0&#8243; sticky_enabled=&#8221;0&#8243;]<\/p>\n<p>Markenmotion \u2013 Kreativagentur f\u00fcr AI-basierte Videoproduktion &amp; Social Media Content<\/p>\n<h2 data-start=\"436\" data-end=\"464\"><strong data-start=\"439\" data-end=\"464\">Angaben gem\u00e4\u00df \u00a7 5 TMG<\/strong><\/h2>\n<p data-start=\"466\" data-end=\"498\"><strong data-start=\"466\" data-end=\"481\">Firmenname:<\/strong><br data-start=\"481\" data-end=\"484\" \/>Ildiko Sopronfalvi<\/p>\n<p data-start=\"500\" data-end=\"567\"><strong data-start=\"500\" data-end=\"515\">Rechtsform:<\/strong><br data-start=\"515\" data-end=\"518\" \/>Einzelunternehmen<\/p>\n<p data-start=\"569\" data-end=\"640\"><strong data-start=\"569\" data-end=\"589\">Vertreten durch:<\/strong><br data-start=\"589\" data-end=\"592\" \/>Ildiko Sopronfalvi \/ Inhaber<\/p>\n<p data-start=\"642\" data-end=\"717\"><strong data-start=\"642\" data-end=\"656\">Anschrift:<\/strong><br data-start=\"656\" data-end=\"659\" \/>Hauptstrasse 83<br data-start=\"678\" data-end=\"681\" \/>71384 Weinstadt<br data-start=\"690\" data-end=\"693\" \/>Deutschland<\/p>\n<h2 data-start=\"724\" data-end=\"738\"><strong data-start=\"727\" data-end=\"738\">Kontakt<\/strong><\/h2>\n<p data-start=\"740\" data-end=\"821\">Telefon: +49 157 3298 4298<br data-start=\"756\" data-end=\"759\" \/>E-Mail: agentur<a data-start=\"767\" data-end=\"787\" class=\"decorated-link cursor-pointer\" rel=\"noopener\">@markenmotion.de<br \/><\/a>Webseite: <a data-start=\"800\" data-end=\"819\" rel=\"noopener\" target=\"_new\" class=\"decorated-link cursor-pointer\">www.markenmotion.de<\/a><\/p>\n<h2 data-start=\"993\" data-end=\"1017\"><strong data-start=\"996\" data-end=\"1017\">Berufsbezeichnung<\/strong><\/h2>\n<p data-start=\"1019\" data-end=\"1125\">Kreativagentur f\u00fcr Foto &amp; Videoproduktion &amp; Social Media Content<\/p>\n<h2 data-start=\"1132\" data-end=\"1158\"><strong data-start=\"1135\" data-end=\"1158\">Haftung f\u00fcr Inhalte<\/strong><\/h2>\n<p data-start=\"1160\" data-end=\"1499\">Als Diensteanbieter sind wir gem\u00e4\u00df \u00a7 7 Abs.1 TMG f\u00fcr eigene Inhalte auf diesen Seiten nach den allgemeinen Gesetzen verantwortlich.<br data-start=\"1291\" data-end=\"1294\" \/>Nach \u00a7\u00a7 8 bis 10 TMG sind wir jedoch nicht verpflichtet, \u00fcbermittelte oder gespeicherte fremde Informationen zu \u00fcberwachen oder nach Umst\u00e4nden zu forschen, die auf eine rechtswidrige T\u00e4tigkeit hinweisen.<\/p>\n<p data-start=\"1501\" data-end=\"1853\">Verpflichtungen zur Entfernung oder Sperrung der Nutzung von Informationen nach den allgemeinen Gesetzen bleiben hiervon unber\u00fchrt.<br data-start=\"1632\" data-end=\"1635\" \/>Eine diesbez\u00fcgliche Haftung ist jedoch erst ab dem Zeitpunkt der Kenntnis einer konkreten Rechtsverletzung m\u00f6glich.<br data-start=\"1750\" data-end=\"1753\" \/>Bei Bekanntwerden von entsprechenden Rechtsverletzungen werden wir diese Inhalte umgehend entfernen.<\/p>\n<h2 data-start=\"1860\" data-end=\"1884\"><strong data-start=\"1863\" data-end=\"1884\">Haftung f\u00fcr Links<\/strong><\/h2>\n<p data-start=\"1886\" data-end=\"2271\">Unser Angebot enth\u00e4lt Links zu externen Webseiten Dritter, auf deren Inhalte wir keinen Einfluss haben.<br data-start=\"1989\" data-end=\"1992\" \/>Deshalb k\u00f6nnen wir f\u00fcr diese fremden Inhalte auch keine Gew\u00e4hr \u00fcbernehmen.<br data-start=\"2066\" data-end=\"2069\" \/>F\u00fcr die Inhalte der verlinkten Seiten ist stets der jeweilige Anbieter oder Betreiber der Seiten verantwortlich.<br data-start=\"2181\" data-end=\"2184\" \/>Bei Bekanntwerden von Rechtsverletzungen werden wir derartige Links umgehend entfernen.<\/p>\n<h2 data-start=\"2278\" data-end=\"2297\"><strong data-start=\"2281\" data-end=\"2297\">Urheberrecht<\/strong><\/h2>\n<p data-start=\"2299\" data-end=\"2611\">Die durch die Seitenbetreiber erstellten Inhalte und Werke auf diesen Seiten unterliegen dem deutschen Urheberrecht.<br data-start=\"2415\" data-end=\"2418\" \/>Die Vervielf\u00e4ltigung, Bearbeitung, Verbreitung und jede Art der Verwertung au\u00dferhalb der Grenzen des Urheberrechts bed\u00fcrfen der schriftlichen Zustimmung des jeweiligen Autors bzw. Erstellers.<\/p>\n<p data-start=\"2613\" data-end=\"2715\">Downloads und Kopien dieser Seite sind nur f\u00fcr den privaten, nicht kommerziellen Gebrauch gestattet.<\/p>\n<h2 data-start=\"2722\" data-end=\"2746\"><strong data-start=\"2725\" data-end=\"2746\">Streitschlichtung<\/strong><\/h2>\n<p data-start=\"2748\" data-end=\"2875\">Die Europ\u00e4ische Kommission stellt eine Plattform zur Online-Streitbeilegung (OS) bereit:<br data-start=\"2836\" data-end=\"2839\" \/><a data-start=\"2839\" data-end=\"2873\" rel=\"noopener\" target=\"_new\" class=\"decorated-link cursor-pointer\">https:\/\/ec.europa.eu\/consumers\/odr<span aria-hidden=\"true\" class=\"ms-0.5 inline-block align-middle leading-none\"><svg width=\"20\" height=\"20\" viewbox=\"0 0 20 20\" fill=\"currentColor\" xmlns=\"http:\/\/www.w3.org\/2000\/svg\" data-rtl-flip=\"\" class=\"block h-[0.75em] w-[0.75em] stroke-current stroke-[0.75]\"><path d=\"M14.3349 13.3301V6.60645L5.47065 15.4707C5.21095 15.7304 4.78895 15.7304 4.52925 15.4707C4.26955 15.211 4.26955 14.789 4.52925 14.5293L13.3935 5.66504H6.66011C6.29284 5.66504 5.99507 5.36727 5.99507 5C5.99507 4.63273 6.29284 4.33496 6.66011 4.33496H14.9999L15.1337 4.34863C15.4369 4.41057 15.665 4.67857 15.665 5V13.3301C15.6649 13.6973 15.3672 13.9951 14.9999 13.9951C14.6327 13.9951 14.335 13.6973 14.3349 13.3301Z\"><\/path><\/svg><\/span><\/a><\/p>\n<p data-start=\"2877\" data-end=\"3005\">Wir sind nicht verpflichtet und nicht bereit, an Streitbeilegungsverfahren vor einer Verbraucherschlichtungsstelle teilzunehmen.<\/p>\n<h2 data-start=\"3012\" data-end=\"3041\"><strong data-start=\"3015\" data-end=\"3041\">Bild- und Videoquellen<\/strong><\/h2>\n<p data-start=\"3043\" data-end=\"3185\">Alle Bilder und Videos wurden von Markenmotion erstellt oder entsprechend lizenziert.<br data-start=\"3128\" data-end=\"3131\" \/>KI-generierte Medien sind entsprechend gekennzeichnet.<\/p>\n<p>[\/et_pb_text][\/et_pb_column][\/et_pb_row][\/et_pb_section]<\/p>\n","protected":false},"excerpt":{"rendered":"<p>Markenmotion \u2013 Kreativagentur f\u00fcr AI-basierte Videoproduktion &amp; Social Media Content Angaben gem\u00e4\u00df \u00a7 5 TMG Firmenname:Ildiko Sopronfalvi Rechtsform:Einzelunternehmen Vertreten durch:Ildiko Sopronfalvi \/ Inhaber Anschrift:Hauptstrasse 8371384 WeinstadtDeutschland Kontakt Telefon: +49 157 3298 4298E-Mail: agentur@markenmotion.deWebseite: www.markenmotion.de Berufsbezeichnung Kreativagentur f\u00fcr Foto &amp; Videoproduktion &amp; Social Media Content Haftung f\u00fcr Inhalte Als Diensteanbieter sind wir gem\u00e4\u00df \u00a7 7 Abs.1 TMG f\u00fcr eigene Inhalte auf diesen Seiten nach den allgemeinen Gesetzen verantwortlich.Nach \u00a7\u00a7 8 bis 10 TMG sind wir jedoch nicht verpflichtet, \u00fcbermittelte oder gespeicherte fremde Informationen zu \u00fcberwachen oder nach Umst\u00e4nden zu forschen, die auf eine rechtswidrige T\u00e4tigkeit hinweisen. Verpflichtungen zur Entfernung oder Sperrung der Nutzung von Informationen nach den allgemeinen Gesetzen bleiben hiervon unber\u00fchrt.Eine diesbez\u00fcgliche Haftung ist jedoch erst ab dem Zeitpunkt der Kenntnis einer konkreten Rechtsverletzung m\u00f6glich.Bei Bekanntwerden von entsprechenden Rechtsverletzungen werden wir diese Inhalte umgehend entfernen. Haftung f\u00fcr Links Unser Angebot enth\u00e4lt Links zu externen Webseiten Dritter, auf deren Inhalte wir keinen Einfluss haben.Deshalb k\u00f6nnen wir f\u00fcr diese fremden Inhalte auch keine Gew\u00e4hr \u00fcbernehmen.F\u00fcr die Inhalte der verlinkten Seiten ist stets der jeweilige Anbieter oder Betreiber der Seiten verantwortlich.Bei Bekanntwerden von Rechtsverletzungen werden wir derartige Links umgehend entfernen. Urheberrecht Die durch die Seitenbetreiber erstellten Inhalte und Werke auf diesen Seiten unterliegen [&hellip;]<\/p>\n","protected":false},"author":1,"featured_media":0,"parent":0,"menu_order":0,"comment_status":"closed","ping_status":"closed","template":"","meta":{"_et_pb_use_builder":"on","_et_pb_old_content":"","_et_gb_content_width":"","footnotes":""},"class_list":["post-173","page","type-page","status-publish","hentry"],"yoast_head":"<!-- This site is optimized with the Yoast SEO plugin v26.3 - https:\/\/yoast.com\/wordpress\/plugins\/seo\/ -->\n<title>Impressum - MarkenMotion<\/title>\n<meta name=\"robots\" content=\"noindex, follow, max-snippet:-1, max-image-preview:large, max-video-preview:-1\" \/>\n<meta property=\"og:locale\" content=\"en_US\" \/>\n<meta property=\"og:type\" content=\"article\" \/>\n<meta property=\"og:title\" content=\"Impressum - MarkenMotion\" \/>\n<meta property=\"og:description\" content=\"Markenmotion \u2013 Kreativagentur f\u00fcr AI-basierte Videoproduktion &amp; Social Media Content Angaben gem\u00e4\u00df \u00a7 5 TMG Firmenname:Ildiko Sopronfalvi Rechtsform:Einzelunternehmen Vertreten durch:Ildiko Sopronfalvi \/ Inhaber Anschrift:Hauptstrasse 8371384 WeinstadtDeutschland Kontakt Telefon: +49 157 3298 4298E-Mail: agentur@markenmotion.deWebseite: www.markenmotion.de Berufsbezeichnung Kreativagentur f\u00fcr Foto &amp; Videoproduktion &amp; Social Media Content Haftung f\u00fcr Inhalte Als Diensteanbieter sind wir gem\u00e4\u00df \u00a7 7 Abs.1 TMG f\u00fcr eigene Inhalte auf diesen Seiten nach den allgemeinen Gesetzen verantwortlich.Nach \u00a7\u00a7 8 bis 10 TMG sind wir jedoch nicht verpflichtet, \u00fcbermittelte oder gespeicherte fremde Informationen zu \u00fcberwachen oder nach Umst\u00e4nden zu forschen, die auf eine rechtswidrige T\u00e4tigkeit hinweisen. Verpflichtungen zur Entfernung oder Sperrung der Nutzung von Informationen nach den allgemeinen Gesetzen bleiben hiervon unber\u00fchrt.Eine diesbez\u00fcgliche Haftung ist jedoch erst ab dem Zeitpunkt der Kenntnis einer konkreten Rechtsverletzung m\u00f6glich.Bei Bekanntwerden von entsprechenden Rechtsverletzungen werden wir diese Inhalte umgehend entfernen. Haftung f\u00fcr Links Unser Angebot enth\u00e4lt Links zu externen Webseiten Dritter, auf deren Inhalte wir keinen Einfluss haben.Deshalb k\u00f6nnen wir f\u00fcr diese fremden Inhalte auch keine Gew\u00e4hr \u00fcbernehmen.F\u00fcr die Inhalte der verlinkten Seiten ist stets der jeweilige Anbieter oder Betreiber der Seiten verantwortlich.Bei Bekanntwerden von Rechtsverletzungen werden wir derartige Links umgehend entfernen. Urheberrecht Die durch die Seitenbetreiber erstellten Inhalte und Werke auf diesen Seiten unterliegen [&hellip;]\" \/>\n<meta property=\"og:url\" content=\"https:\/\/markenmotion.de\/index.php\/impressum\/\" \/>\n<meta property=\"og:site_name\" content=\"MarkenMotion\" \/>\n<meta property=\"article:modified_time\" content=\"2025-11-14T09:20:15+00:00\" \/>\n<meta name=\"twitter:card\" content=\"summary_large_image\" \/>\n<script type=\"application\/ld+json\" class=\"yoast-schema-graph\">{\"@context\":\"https:\/\/schema.org\",\"@graph\":[{\"@type\":\"WebPage\",\"@id\":\"https:\/\/markenmotion.de\/index.php\/impressum\/\",\"url\":\"https:\/\/markenmotion.de\/index.php\/impressum\/\",\"name\":\"Impressum - MarkenMotion\",\"isPartOf\":{\"@id\":\"https:\/\/markenmotion.de\/#website\"},\"datePublished\":\"2025-11-12T16:52:38+00:00\",\"dateModified\":\"2025-11-14T09:20:15+00:00\",\"breadcrumb\":{\"@id\":\"https:\/\/markenmotion.de\/index.php\/impressum\/#breadcrumb\"},\"inLanguage\":\"en-US\",\"potentialAction\":[{\"@type\":\"ReadAction\",\"target\":[\"https:\/\/markenmotion.de\/index.php\/impressum\/\"]}]},{\"@type\":\"BreadcrumbList\",\"@id\":\"https:\/\/markenmotion.de\/index.php\/impressum\/#breadcrumb\",\"itemListElement\":[{\"@type\":\"ListItem\",\"position\":1,\"name\":\"Home\",\"item\":\"https:\/\/markenmotion.de\/\"},{\"@type\":\"ListItem\",\"position\":2,\"name\":\"Impressum\"}]},{\"@type\":\"WebSite\",\"@id\":\"https:\/\/markenmotion.de\/#website\",\"url\":\"https:\/\/markenmotion.de\/\",\"name\":\"MarkenMotion\",\"description\":\"\",\"potentialAction\":[{\"@type\":\"SearchAction\",\"target\":{\"@type\":\"EntryPoint\",\"urlTemplate\":\"https:\/\/markenmotion.de\/?s={search_term_string}\"},\"query-input\":{\"@type\":\"PropertyValueSpecification\",\"valueRequired\":true,\"valueName\":\"search_term_string\"}}],\"inLanguage\":\"en-US\"}]}<\/script>\n<!-- \/ Yoast SEO plugin. -->","yoast_head_json":{"title":"Impressum - MarkenMotion","robots":{"index":"noindex","follow":"follow","max-snippet":"max-snippet:-1","max-image-preview":"max-image-preview:large","max-video-preview":"max-video-preview:-1"},"og_locale":"en_US","og_type":"article","og_title":"Impressum - MarkenMotion","og_description":"Markenmotion \u2013 Kreativagentur f\u00fcr AI-basierte Videoproduktion &amp; Social Media Content Angaben gem\u00e4\u00df \u00a7 5 TMG Firmenname:Ildiko Sopronfalvi Rechtsform:Einzelunternehmen Vertreten durch:Ildiko Sopronfalvi \/ Inhaber Anschrift:Hauptstrasse 8371384 WeinstadtDeutschland Kontakt Telefon: +49 157 3298 4298E-Mail: agentur@markenmotion.deWebseite: www.markenmotion.de Berufsbezeichnung Kreativagentur f\u00fcr Foto &amp; Videoproduktion &amp; Social Media Content Haftung f\u00fcr Inhalte Als Diensteanbieter sind wir gem\u00e4\u00df \u00a7 7 Abs.1 TMG f\u00fcr eigene Inhalte auf diesen Seiten nach den allgemeinen Gesetzen verantwortlich.Nach \u00a7\u00a7 8 bis 10 TMG sind wir jedoch nicht verpflichtet, \u00fcbermittelte oder gespeicherte fremde Informationen zu \u00fcberwachen oder nach Umst\u00e4nden zu forschen, die auf eine rechtswidrige T\u00e4tigkeit hinweisen. Verpflichtungen zur Entfernung oder Sperrung der Nutzung von Informationen nach den allgemeinen Gesetzen bleiben hiervon unber\u00fchrt.Eine diesbez\u00fcgliche Haftung ist jedoch erst ab dem Zeitpunkt der Kenntnis einer konkreten Rechtsverletzung m\u00f6glich.Bei Bekanntwerden von entsprechenden Rechtsverletzungen werden wir diese Inhalte umgehend entfernen. Haftung f\u00fcr Links Unser Angebot enth\u00e4lt Links zu externen Webseiten Dritter, auf deren Inhalte wir keinen Einfluss haben.Deshalb k\u00f6nnen wir f\u00fcr diese fremden Inhalte auch keine Gew\u00e4hr \u00fcbernehmen.F\u00fcr die Inhalte der verlinkten Seiten ist stets der jeweilige Anbieter oder Betreiber der Seiten verantwortlich.Bei Bekanntwerden von Rechtsverletzungen werden wir derartige Links umgehend entfernen. Urheberrecht Die durch die Seitenbetreiber erstellten Inhalte und Werke auf diesen Seiten unterliegen [&hellip;]","og_url":"https:\/\/markenmotion.de\/index.php\/impressum\/","og_site_name":"MarkenMotion","article_modified_time":"2025-11-14T09:20:15+00:00","twitter_card":"summary_large_image","schema":{"@context":"https:\/\/schema.org","@graph":[{"@type":"WebPage","@id":"https:\/\/markenmotion.de\/index.php\/impressum\/","url":"https:\/\/markenmotion.de\/index.php\/impressum\/","name":"Impressum - MarkenMotion","isPartOf":{"@id":"https:\/\/markenmotion.de\/#website"},"datePublished":"2025-11-12T16:52:38+00:00","dateModified":"2025-11-14T09:20:15+00:00","breadcrumb":{"@id":"https:\/\/markenmotion.de\/index.php\/impressum\/#breadcrumb"},"inLanguage":"en-US","potentialAction":[{"@type":"ReadAction","target":["https:\/\/markenmotion.de\/index.php\/impressum\/"]}]},{"@type":"BreadcrumbList","@id":"https:\/\/markenmotion.de\/index.php\/impressum\/#breadcrumb","itemListElement":[{"@type":"ListItem","position":1,"name":"Home","item":"https:\/\/markenmotion.de\/"},{"@type":"ListItem","position":2,"name":"Impressum"}]},{"@type":"WebSite","@id":"https:\/\/markenmotion.de\/#website","url":"https:\/\/markenmotion.de\/","name":"MarkenMotion","description":"","potentialAction":[{"@type":"SearchAction","target":{"@type":"EntryPoint","urlTemplate":"https:\/\/markenmotion.de\/?s={search_term_string}"},"query-input":{"@type":"PropertyValueSpecification","valueRequired":true,"valueName":"search_term_string"}}],"inLanguage":"en-US"}]}},"_links":{"self":[{"href":"https:\/\/markenmotion.de\/index.php\/wp-json\/wp\/v2\/pages\/173","targetHints":{"allow":["GET"]}}],"collection":[{"href":"https:\/\/markenmotion.de\/index.php\/wp-json\/wp\/v2\/pages"}],"about":[{"href":"https:\/\/markenmotion.de\/index.php\/wp-json\/wp\/v2\/types\/page"}],"author":[{"embeddable":true,"href":"https:\/\/markenmotion.de\/index.php\/wp-json\/wp\/v2\/users\/1"}],"replies":[{"embeddable":true,"href":"https:\/\/markenmotion.de\/index.php\/wp-json\/wp\/v2\/comments?post=173"}],"version-history":[{"count":4,"href":"https:\/\/markenmotion.de\/index.php\/wp-json\/wp\/v2\/pages\/173\/revisions"}],"predecessor-version":[{"id":359,"href":"https:\/\/markenmotion.de\/index.php\/wp-json\/wp\/v2\/pages\/173\/revisions\/359"}],"wp:attachment":[{"href":"https:\/\/markenmotion.de\/index.php\/wp-json\/wp\/v2\/media?parent=173"}],"curies":[{"name":"wp","href":"https:\/\/api.w.org\/{rel}","templated":true}]}}