{"id":44,"date":"2025-11-12T09:30:09","date_gmt":"2025-11-12T08:30:09","guid":{"rendered":"https:\/\/markenmotion.de\/?page_id=44"},"modified":"2025-11-14T12:43:01","modified_gmt":"2025-11-14T11:43:01","slug":"kontakt","status":"publish","type":"page","link":"https:\/\/markenmotion.de\/index.php\/kontakt\/","title":{"rendered":"Kontakt"},"content":{"rendered":"<p>[et_pb_section fb_built=&#8221;1&#8243; _builder_version=&#8221;4.14.1&#8243; background_color=&#8221;#E8B32C&#8221; background_image=&#8221;https:\/\/markenmotion.de\/wp-content\/uploads\/circle-background-pattern.png&#8221; custom_padding=&#8221;67px|0px|0px|0px|false|false&#8221; animation_style=&#8221;zoom&#8221; animation_intensity_zoom=&#8221;4%&#8221; global_colors_info=&#8221;{}&#8221;][et_pb_row _builder_version=&#8221;3.25&#8243; background_size=&#8221;initial&#8221; background_position=&#8221;top_left&#8221; background_repeat=&#8221;repeat&#8221; custom_padding=&#8221;|||&#8221; animation_style=&#8221;slide&#8221; animation_direction=&#8221;top&#8221; animation_intensity_slide=&#8221;3%&#8221; global_colors_info=&#8221;{}&#8221;][et_pb_column type=&#8221;4_4&#8243; _builder_version=&#8221;3.25&#8243; custom_padding=&#8221;|||&#8221; global_colors_info=&#8221;{}&#8221; custom_padding__hover=&#8221;|||&#8221;][et_pb_text _builder_version=&#8221;4.14.1&#8243; text_font=&#8221;||||||||&#8221; header_font=&#8221;Montserrat|700||on|||||dotted&#8221; header_text_color=&#8221;#353740&#8243; header_font_size=&#8221;50px&#8221; header_line_height=&#8221;1.3em&#8221; background_size=&#8221;initial&#8221; background_position=&#8221;top_left&#8221; background_repeat=&#8221;repeat&#8221; custom_margin=&#8221;|||&#8221; animation_style=&#8221;fade&#8221; header_font_size_tablet=&#8221;45px&#8221; header_font_size_phone=&#8221;34px&#8221; header_font_size_last_edited=&#8221;on|desktop&#8221; locked=&#8221;off&#8221; global_colors_info=&#8221;{}&#8221;]<\/p>\n<h1>Kontakt<\/h1>\n<p>[\/et_pb_text][et_pb_text _builder_version=&#8221;4.14.1&#8243; _module_preset=&#8221;default&#8221; header_3_font=&#8221;Montserrat||||||||&#8221; global_colors_info=&#8221;{}&#8221;]<\/p>\n<h3 data-start=\"167\" data-end=\"207\"><strong data-start=\"171\" data-end=\"207\">Wir freuen uns auf Ihre Anfrage!<\/strong><\/h3>\n<p data-start=\"209\" data-end=\"367\">Egal, ob Sie <strong data-start=\"222\" data-end=\"284\">Fotos, Videos, Social-Media-Content oder Musikproduktionen<\/strong> ben\u00f6tigen \u2013 wir unterst\u00fctzen Sie bei Ihrem Projekt von der Idee bis zur Umsetzung.<\/p>\n<p>[\/et_pb_text][et_pb_button button_text=&#8221;Ich nehme Kontakt auf!&#8221; _builder_version=&#8221;4.14.1&#8243; _module_preset=&#8221;default&#8221; custom_button=&#8221;on&#8221; button_border_color=&#8221;#ffffff&#8221; button_border_radius=&#8221;7px&#8221; button_font=&#8221;|700||on|||||&#8221; global_colors_info=&#8221;{}&#8221; button_url=&#8221;#kontakt team&#8221; sticky_enabled=&#8221;0&#8243; button_text_color=&#8221;#ffffff&#8221; button_text_color__hover=&#8221;#5B5B5B&#8221; button_text_color__hover_enabled=&#8221;on|desktop&#8221; button_border_width=&#8221;2px&#8221; button_border_color__hover=&#8221;#5B5B5B&#8221; button_border_color__hover_enabled=&#8221;on|hover&#8221; button_letter_spacing=&#8221;2px&#8221; button_letter_spacing__hover=&#8221;2px&#8221; button_letter_spacing__hover_enabled=&#8221;on|desktop&#8221; button_icon=&#8221;&#x3d;||divi||400&#8243; button_icon_color=&#8221;#5B5B5B&#8221; animation_style=&#8221;fade&#8221; url_new_window=&#8221;on&#8221; button_bg_color__hover=&#8221;rgba(0,0,0,0)&#8221; button_bg_color__hover_enabled=&#8221;on&#8221;][\/et_pb_button][et_pb_divider show_divider=&#8221;off&#8221; disabled_on=&#8221;on|on|off&#8221; _builder_version=&#8221;3.2&#8243; max_width=&#8221;120px&#8221; animation_style=&#8221;slide&#8221; animation_direction=&#8221;top&#8221; animation_intensity_slide=&#8221;30%&#8221; global_colors_info=&#8221;{}&#8221;][\/et_pb_divider][\/et_pb_column][\/et_pb_row][\/et_pb_section][et_pb_section fb_built=&#8221;1&#8243; admin_label=&#8221;Contact Section&#8221; _builder_version=&#8221;3.22&#8243; custom_padding=&#8221;40px||23px|||&#8221; global_colors_info=&#8221;{}&#8221;][et_pb_row column_structure=&#8221;1_3,1_3,1_3&#8243; admin_label=&#8221;Contact Area&#8221; _builder_version=&#8221;3.25&#8243; animation_style=&#8221;zoom&#8221; animation_intensity_zoom=&#8221;20%&#8221; global_colors_info=&#8221;{}&#8221;][et_pb_column type=&#8221;1_3&#8243; _builder_version=&#8221;3.25&#8243; custom_padding=&#8221;|||&#8221; global_colors_info=&#8221;{}&#8221; custom_padding__hover=&#8221;|||&#8221;][et_pb_text _builder_version=&#8221;4.14.1&#8243; text_font=&#8221;||||||||&#8221; text_text_color=&#8221;#747d88&#8243; text_font_size=&#8221;16px&#8221; text_line_height=&#8221;1.8em&#8221; link_font=&#8221;||||on|||#fcd21d|double&#8221; link_text_color=&#8221;#353740&#8243; header_font=&#8221;Montserrat||||&#8221; header_4_font=&#8221;Montserrat|700|||||||&#8221; header_4_text_color=&#8221;#353740&#8243; header_4_font_size=&#8221;22px&#8221; header_4_line_height=&#8221;1.9em&#8221; animation_style=&#8221;zoom&#8221; animation_intensity_zoom=&#8221;20%&#8221; global_colors_info=&#8221;{}&#8221;]<\/p>\n<h4>Direkter Kontakt<\/h4>\n<p data-start=\"633\" data-end=\"739\"><strong data-start=\"633\" data-end=\"644\">E-Mail:<\/strong> <a class=\"decorated-link cursor-pointer\" rel=\"noopener\" data-start=\"645\" data-end=\"696\">agentur@markenmotion.de<\/a><\/p>\n<p data-start=\"633\" data-end=\"739\"><strong data-start=\"699\" data-end=\"711\">Telefon:<\/strong> +49157 3298 4298<\/p>\n<p data-start=\"741\" data-end=\"816\"><strong data-start=\"741\" data-end=\"753\">Adresse:<\/strong><br data-start=\"753\" data-end=\"756\" \/>Hauptstr. 83.<br data-start=\"789\" data-end=\"792\" \/>71384 Weinstadt<br data-start=\"800\" data-end=\"803\" \/>Deutschland<\/p>\n<p>[\/et_pb_text][\/et_pb_column][et_pb_column type=&#8221;1_3&#8243; _builder_version=&#8221;3.25&#8243; custom_padding=&#8221;|||&#8221; global_colors_info=&#8221;{}&#8221; custom_padding__hover=&#8221;|||&#8221;][et_pb_text _builder_version=&#8221;4.14.1&#8243; text_font=&#8221;||||||||&#8221; text_text_color=&#8221;#747d88&#8243; text_font_size=&#8221;16px&#8221; text_line_height=&#8221;1.8em&#8221; link_font=&#8221;||||on|||#fcd21d|double&#8221; link_text_color=&#8221;#353740&#8243; header_font=&#8221;Montserrat||||&#8221; header_4_font=&#8221;Montserrat|700|||||||&#8221; header_4_text_color=&#8221;#353740&#8243; header_4_font_size=&#8221;22px&#8221; header_4_line_height=&#8221;1.9em&#8221; animation_style=&#8221;zoom&#8221; animation_intensity_zoom=&#8221;20%&#8221; link_option_url_new_window=&#8221;on&#8221; locked=&#8221;off&#8221; global_colors_info=&#8221;{}&#8221;]<\/p>\n<h4>Social Media<\/h4>\n<p data-start=\"844\" data-end=\"899\">Folgen Sie uns f\u00fcr Inspiration und aktuelle Projekte:<\/p>\n<ul data-start=\"901\" data-end=\"988\">\n<li data-start=\"901\" data-end=\"919\">\n<p data-start=\"903\" data-end=\"919\"><a data-start=\"903\" data-end=\"917\" class=\"decorated-link\" href=\"https:\/\/www.instagram.com\/markenmotion\/\">Instagram<span aria-hidden=\"true\" class=\"ms-0.5 inline-block align-middle leading-none\"><svg width=\"20\" height=\"20\" viewbox=\"0 0 20 20\" fill=\"currentColor\" xmlns=\"http:\/\/www.w3.org\/2000\/svg\" data-rtl-flip=\"\" class=\"block h-[0.75em] w-[0.75em] stroke-current stroke-[0.75]\"><path d=\"M14.3349 13.3301V6.60645L5.47065 15.4707C5.21095 15.7304 4.78895 15.7304 4.52925 15.4707C4.26955 15.211 4.26955 14.789 4.52925 14.5293L13.3935 5.66504H6.66011C6.29284 5.66504 5.99507 5.36727 5.99507 5C5.99507 4.63273 6.29284 4.33496 6.66011 4.33496H14.9999L15.1337 4.34863C15.4369 4.41057 15.665 4.67857 15.665 5V13.3301C15.6649 13.6973 15.3672 13.9951 14.9999 13.9951C14.6327 13.9951 14.335 13.6973 14.3349 13.3301Z\"><\/path><\/svg><\/span><\/a><\/p>\n<\/li>\n<li data-start=\"938\" data-end=\"953\">\n<p data-start=\"940\" data-end=\"953\"><a data-start=\"940\" data-end=\"951\" class=\"decorated-link\" href=\"https:\/\/www.tiktok.com\/@markenmotion?_r=1&amp;_t=ZN-91OIn57Gg3a\">TikTok<span aria-hidden=\"true\" class=\"ms-0.5 inline-block align-middle leading-none\"><svg width=\"20\" height=\"20\" viewbox=\"0 0 20 20\" fill=\"currentColor\" xmlns=\"http:\/\/www.w3.org\/2000\/svg\" data-rtl-flip=\"\" class=\"block h-[0.75em] w-[0.75em] stroke-current stroke-[0.75]\"><path d=\"M14.3349 13.3301V6.60645L5.47065 15.4707C5.21095 15.7304 4.78895 15.7304 4.52925 15.4707C4.26955 15.211 4.26955 14.789 4.52925 14.5293L13.3935 5.66504H6.66011C6.29284 5.66504 5.99507 5.36727 5.99507 5C5.99507 4.63273 6.29284 4.33496 6.66011 4.33496H14.9999L15.1337 4.34863C15.4369 4.41057 15.665 4.67857 15.665 5V13.3301C15.6649 13.6973 15.3672 13.9951 14.9999 13.9951C14.6327 13.9951 14.335 13.6973 14.3349 13.3301Z\"><\/path><\/svg><\/span><\/a><\/p>\n<\/li>\n<\/ul>\n<p>[\/et_pb_text][\/et_pb_column][et_pb_column type=&#8221;1_3&#8243; _builder_version=&#8221;3.25&#8243; custom_padding=&#8221;|||&#8221; global_colors_info=&#8221;{}&#8221; custom_padding__hover=&#8221;|||&#8221;][et_pb_text _builder_version=&#8221;4.14.1&#8243; text_font=&#8221;||||||||&#8221; text_text_color=&#8221;#747d88&#8243; text_font_size=&#8221;16px&#8221; text_line_height=&#8221;1.8em&#8221; link_font=&#8221;||||on|||#fcd21d|double&#8221; link_text_color=&#8221;#353740&#8243; header_font=&#8221;Montserrat||||&#8221; header_4_font=&#8221;Montserrat|700|||||||&#8221; header_4_text_color=&#8221;#353740&#8243; header_4_font_size=&#8221;22px&#8221; header_4_line_height=&#8221;1.9em&#8221; animation_style=&#8221;zoom&#8221; animation_intensity_zoom=&#8221;20%&#8221; locked=&#8221;off&#8221; global_colors_info=&#8221;{}&#8221;]<\/p>\n<h4>\u00d6ffnungszeiten<\/h4>\n<p data-start=\"1018\" data-end=\"1094\">Montag \u2013 Freitag: 09:00 \u2013 17:00 Uhr<br data-start=\"1053\" data-end=\"1056\" \/>Samstag &amp; Sonntag: nach Vereinbarung<\/p>\n<p>[\/et_pb_text][\/et_pb_column][\/et_pb_row][\/et_pb_section][et_pb_section fb_built=&#8221;1&#8243; _builder_version=&#8221;4.14.1&#8243; _module_preset=&#8221;default&#8221; background_color=&#8221;#E8B32C&#8221; hover_enabled=&#8221;0&#8243; global_colors_info=&#8221;{}&#8221; module_id=&#8221;kontakt team&#8221; sticky_enabled=&#8221;0&#8243;][et_pb_row column_structure=&#8221;1_2,1_2&#8243; _builder_version=&#8221;4.14.1&#8243; _module_preset=&#8221;default&#8221; global_colors_info=&#8221;{}&#8221;][et_pb_column type=&#8221;1_2&#8243; _builder_version=&#8221;4.14.1&#8243; _module_preset=&#8221;default&#8221; global_colors_info=&#8221;{}&#8221;][et_pb_text _builder_version=&#8221;4.14.1&#8243; _module_preset=&#8221;default&#8221; text_line_height=&#8221;1.8em&#8221; header_2_font=&#8221;Montserrat|700|||||||&#8221; header_2_text_align=&#8221;center&#8221; text_font_size_tablet=&#8221;18px&#8221; text_font_size_phone=&#8221;18px&#8221; text_font_size_last_edited=&#8221;on|tablet&#8221; header_2_font_size_tablet=&#8221;&#8221; header_2_font_size_phone=&#8221;26px&#8221; header_2_font_size_last_edited=&#8221;on|phone&#8221; global_colors_info=&#8221;{}&#8221;]<\/p>\n<div class=\"et_pb_module et_pb_text et_pb_text_13  et_pb_text_align_left et_pb_bg_layout_light\">\n<div class=\"et_pb_text_inner\">\n<h2>Lassen Sie uns zusammenarbeiten!<\/h2>\n<\/div>\n<\/div>\n<div class=\"et_pb_module et_pb_text et_pb_text_14  et_pb_text_align_left et_pb_bg_layout_light\">\n<div class=\"et_pb_text_inner\">\n<p data-start=\"83\" data-end=\"198\">Nehmen Sie Kontakt mit mir auf, und ich antworte innerhalb von 24 Stunden.<\/p>\n<p data-start=\"200\" data-end=\"470\">Jedes Projekt ist einzigartig und besonders und erfordert ein individuelles Konzept sowie unterschiedliche Arbeitsaufw\u00e4nde. Vor der Erstellung eines Angebots vereinbaren wir bitte einen Termin f\u00fcr ein Zoom-Meeting, in dem wir Ihre W\u00fcnsche und Anforderungen besprechen.<\/p>\n<p data-start=\"200\" data-end=\"470\">Schreiben Sie uns eine E-Mail unter<span>\u00a0<\/span><a href=\"mailto:ildiko.sopronfalvi@gmail.com\">ildiko.sopronfalvi@gmail.com<\/a><span>\u00a0<\/span>oder vereinbaren Sie einen Termin \u00fcber den folgenden Link!<\/p>\n<\/div>\n<\/div>\n<p>[\/et_pb_text][et_pb_button button_text=&#8221;Kontakt aufnehmen!&#8221; _builder_version=&#8221;4.14.1&#8243; _module_preset=&#8221;default&#8221; custom_button=&#8221;on&#8221; button_text_color=&#8221;#ffffff&#8221; button_border_width=&#8221;2px&#8221; button_border_color=&#8221;#ffffff&#8221; button_border_radius=&#8221;7px&#8221; button_letter_spacing=&#8221;2px&#8221; button_font=&#8221;|700||on|||||&#8221; button_icon=&#8221;&#x3d;||divi||400&#8243; button_icon_color=&#8221;#5B5B5B&#8221; animation_style=&#8221;fade&#8221; hover_enabled=&#8221;0&#8243; global_colors_info=&#8221;{}&#8221; button_text_color__hover=&#8221;#5B5B5B&#8221; button_text_color__hover_enabled=&#8221;on|desktop&#8221; button_border_color__hover=&#8221;#5B5B5B&#8221; button_border_color__hover_enabled=&#8221;on|hover&#8221; button_letter_spacing__hover=&#8221;2px&#8221; button_letter_spacing__hover_enabled=&#8221;on|desktop&#8221; button_bg_color__hover=&#8221;rgba(0,0,0,0)&#8221; button_bg_color__hover_enabled=&#8221;on&#8221; url_new_window=&#8221;on&#8221; button_url=&#8221;https:\/\/calendly.com\/vipkonzultacio\/konzultacio-portfolio&#8221; sticky_enabled=&#8221;0&#8243;][\/et_pb_button][\/et_pb_column][et_pb_column type=&#8221;1_2&#8243; _builder_version=&#8221;4.14.1&#8243; _module_preset=&#8221;default&#8221; global_colors_info=&#8221;{}&#8221;][et_pb_image src=&#8221;https:\/\/markenmotion.de\/wp-content\/uploads\/weboldalra.jpg&#8221; alt=&#8221;sopronfalvi ildiko&#8221; title_text=&#8221;sopronfalvi ildiko&#8221; _builder_version=&#8221;4.14.1&#8243; _module_preset=&#8221;default&#8221; width=&#8221;80%&#8221; width_tablet=&#8221;100%&#8221; width_phone=&#8221;100%&#8221; width_last_edited=&#8221;on|phone&#8221; module_alignment=&#8221;center&#8221; global_colors_info=&#8221;{}&#8221;][\/et_pb_image][\/et_pb_column][\/et_pb_row][\/et_pb_section]<\/p>\n","protected":false},"excerpt":{"rendered":"<p>KontaktWir freuen uns auf Ihre Anfrage! Egal, ob Sie Fotos, Videos, Social-Media-Content oder Musikproduktionen ben\u00f6tigen \u2013 wir unterst\u00fctzen Sie bei Ihrem Projekt von der Idee bis zur Umsetzung.Direkter Kontakt E-Mail: agentur@markenmotion.de Telefon: +49157 3298 4298 Adresse:Hauptstr. 83.71384 WeinstadtDeutschlandSocial Media Folgen Sie uns f\u00fcr Inspiration und aktuelle Projekte: Instagram TikTok \u00d6ffnungszeiten Montag \u2013 Freitag: 09:00 \u2013 17:00 UhrSamstag &amp; Sonntag: nach Vereinbarung Lassen Sie uns zusammenarbeiten! Nehmen Sie Kontakt mit mir auf, und ich antworte innerhalb von 24 Stunden. Jedes Projekt ist einzigartig und besonders und erfordert ein individuelles Konzept sowie unterschiedliche Arbeitsaufw\u00e4nde. Vor der Erstellung eines Angebots vereinbaren wir bitte einen Termin f\u00fcr ein Zoom-Meeting, in dem wir Ihre W\u00fcnsche und Anforderungen besprechen. Schreiben Sie uns eine E-Mail unter\u00a0ildiko.sopronfalvi@gmail.com\u00a0oder vereinbaren Sie einen Termin \u00fcber den folgenden Link!<\/p>\n","protected":false},"author":1,"featured_media":0,"parent":0,"menu_order":0,"comment_status":"closed","ping_status":"closed","template":"","meta":{"_et_pb_use_builder":"on","_et_pb_old_content":"<!-- wp:divi\/placeholder \/-->","_et_gb_content_width":"","footnotes":""},"class_list":["post-44","page","type-page","status-publish","hentry"],"yoast_head":"<!-- This site is optimized with the Yoast SEO plugin v26.3 - https:\/\/yoast.com\/wordpress\/plugins\/seo\/ -->\n<title>Kontakt - MarkenMotion<\/title>\n<meta name=\"robots\" content=\"noindex, follow, max-snippet:-1, max-image-preview:large, max-video-preview:-1\" \/>\n<meta property=\"og:locale\" content=\"en_US\" \/>\n<meta property=\"og:type\" content=\"article\" \/>\n<meta property=\"og:title\" content=\"Kontakt - MarkenMotion\" \/>\n<meta property=\"og:description\" content=\"KontaktWir freuen uns auf Ihre Anfrage! Egal, ob Sie Fotos, Videos, Social-Media-Content oder Musikproduktionen ben\u00f6tigen \u2013 wir unterst\u00fctzen Sie bei Ihrem Projekt von der Idee bis zur Umsetzung.Direkter Kontakt E-Mail: agentur@markenmotion.de Telefon: +49157 3298 4298 Adresse:Hauptstr. 83.71384 WeinstadtDeutschlandSocial Media Folgen Sie uns f\u00fcr Inspiration und aktuelle Projekte: Instagram TikTok \u00d6ffnungszeiten Montag \u2013 Freitag: 09:00 \u2013 17:00 UhrSamstag &amp; Sonntag: nach Vereinbarung Lassen Sie uns zusammenarbeiten! Nehmen Sie Kontakt mit mir auf, und ich antworte innerhalb von 24 Stunden. Jedes Projekt ist einzigartig und besonders und erfordert ein individuelles Konzept sowie unterschiedliche Arbeitsaufw\u00e4nde. Vor der Erstellung eines Angebots vereinbaren wir bitte einen Termin f\u00fcr ein Zoom-Meeting, in dem wir Ihre W\u00fcnsche und Anforderungen besprechen. Schreiben Sie uns eine E-Mail unter\u00a0ildiko.sopronfalvi@gmail.com\u00a0oder vereinbaren Sie einen Termin \u00fcber den folgenden Link!\" \/>\n<meta property=\"og:url\" content=\"https:\/\/markenmotion.de\/index.php\/kontakt\/\" \/>\n<meta property=\"og:site_name\" content=\"MarkenMotion\" \/>\n<meta property=\"article:modified_time\" content=\"2025-11-14T11:43:01+00:00\" \/>\n<meta name=\"twitter:card\" content=\"summary_large_image\" \/>\n<meta name=\"twitter:label1\" content=\"Est. reading time\" \/>\n\t<meta name=\"twitter:data1\" content=\"5 minutes\" \/>\n<script type=\"application\/ld+json\" class=\"yoast-schema-graph\">{\"@context\":\"https:\/\/schema.org\",\"@graph\":[{\"@type\":\"WebPage\",\"@id\":\"https:\/\/markenmotion.de\/index.php\/kontakt\/\",\"url\":\"https:\/\/markenmotion.de\/index.php\/kontakt\/\",\"name\":\"Kontakt - MarkenMotion\",\"isPartOf\":{\"@id\":\"https:\/\/markenmotion.de\/#website\"},\"datePublished\":\"2025-11-12T08:30:09+00:00\",\"dateModified\":\"2025-11-14T11:43:01+00:00\",\"breadcrumb\":{\"@id\":\"https:\/\/markenmotion.de\/index.php\/kontakt\/#breadcrumb\"},\"inLanguage\":\"en-US\",\"potentialAction\":[{\"@type\":\"ReadAction\",\"target\":[\"https:\/\/markenmotion.de\/index.php\/kontakt\/\"]}]},{\"@type\":\"BreadcrumbList\",\"@id\":\"https:\/\/markenmotion.de\/index.php\/kontakt\/#breadcrumb\",\"itemListElement\":[{\"@type\":\"ListItem\",\"position\":1,\"name\":\"Home\",\"item\":\"https:\/\/markenmotion.de\/\"},{\"@type\":\"ListItem\",\"position\":2,\"name\":\"Kontakt\"}]},{\"@type\":\"WebSite\",\"@id\":\"https:\/\/markenmotion.de\/#website\",\"url\":\"https:\/\/markenmotion.de\/\",\"name\":\"MarkenMotion\",\"description\":\"\",\"potentialAction\":[{\"@type\":\"SearchAction\",\"target\":{\"@type\":\"EntryPoint\",\"urlTemplate\":\"https:\/\/markenmotion.de\/?s={search_term_string}\"},\"query-input\":{\"@type\":\"PropertyValueSpecification\",\"valueRequired\":true,\"valueName\":\"search_term_string\"}}],\"inLanguage\":\"en-US\"}]}<\/script>\n<!-- \/ Yoast SEO plugin. -->","yoast_head_json":{"title":"Kontakt - MarkenMotion","robots":{"index":"noindex","follow":"follow","max-snippet":"max-snippet:-1","max-image-preview":"max-image-preview:large","max-video-preview":"max-video-preview:-1"},"og_locale":"en_US","og_type":"article","og_title":"Kontakt - MarkenMotion","og_description":"KontaktWir freuen uns auf Ihre Anfrage! Egal, ob Sie Fotos, Videos, Social-Media-Content oder Musikproduktionen ben\u00f6tigen \u2013 wir unterst\u00fctzen Sie bei Ihrem Projekt von der Idee bis zur Umsetzung.Direkter Kontakt E-Mail: agentur@markenmotion.de Telefon: +49157 3298 4298 Adresse:Hauptstr. 83.71384 WeinstadtDeutschlandSocial Media Folgen Sie uns f\u00fcr Inspiration und aktuelle Projekte: Instagram TikTok \u00d6ffnungszeiten Montag \u2013 Freitag: 09:00 \u2013 17:00 UhrSamstag &amp; Sonntag: nach Vereinbarung Lassen Sie uns zusammenarbeiten! Nehmen Sie Kontakt mit mir auf, und ich antworte innerhalb von 24 Stunden. Jedes Projekt ist einzigartig und besonders und erfordert ein individuelles Konzept sowie unterschiedliche Arbeitsaufw\u00e4nde. Vor der Erstellung eines Angebots vereinbaren wir bitte einen Termin f\u00fcr ein Zoom-Meeting, in dem wir Ihre W\u00fcnsche und Anforderungen besprechen. Schreiben Sie uns eine E-Mail unter\u00a0ildiko.sopronfalvi@gmail.com\u00a0oder vereinbaren Sie einen Termin \u00fcber den folgenden Link!","og_url":"https:\/\/markenmotion.de\/index.php\/kontakt\/","og_site_name":"MarkenMotion","article_modified_time":"2025-11-14T11:43:01+00:00","twitter_card":"summary_large_image","twitter_misc":{"Est. reading time":"5 minutes"},"schema":{"@context":"https:\/\/schema.org","@graph":[{"@type":"WebPage","@id":"https:\/\/markenmotion.de\/index.php\/kontakt\/","url":"https:\/\/markenmotion.de\/index.php\/kontakt\/","name":"Kontakt - MarkenMotion","isPartOf":{"@id":"https:\/\/markenmotion.de\/#website"},"datePublished":"2025-11-12T08:30:09+00:00","dateModified":"2025-11-14T11:43:01+00:00","breadcrumb":{"@id":"https:\/\/markenmotion.de\/index.php\/kontakt\/#breadcrumb"},"inLanguage":"en-US","potentialAction":[{"@type":"ReadAction","target":["https:\/\/markenmotion.de\/index.php\/kontakt\/"]}]},{"@type":"BreadcrumbList","@id":"https:\/\/markenmotion.de\/index.php\/kontakt\/#breadcrumb","itemListElement":[{"@type":"ListItem","position":1,"name":"Home","item":"https:\/\/markenmotion.de\/"},{"@type":"ListItem","position":2,"name":"Kontakt"}]},{"@type":"WebSite","@id":"https:\/\/markenmotion.de\/#website","url":"https:\/\/markenmotion.de\/","name":"MarkenMotion","description":"","potentialAction":[{"@type":"SearchAction","target":{"@type":"EntryPoint","urlTemplate":"https:\/\/markenmotion.de\/?s={search_term_string}"},"query-input":{"@type":"PropertyValueSpecification","valueRequired":true,"valueName":"search_term_string"}}],"inLanguage":"en-US"}]}},"_links":{"self":[{"href":"https:\/\/markenmotion.de\/index.php\/wp-json\/wp\/v2\/pages\/44","targetHints":{"allow":["GET"]}}],"collection":[{"href":"https:\/\/markenmotion.de\/index.php\/wp-json\/wp\/v2\/pages"}],"about":[{"href":"https:\/\/markenmotion.de\/index.php\/wp-json\/wp\/v2\/types\/page"}],"author":[{"embeddable":true,"href":"https:\/\/markenmotion.de\/index.php\/wp-json\/wp\/v2\/users\/1"}],"replies":[{"embeddable":true,"href":"https:\/\/markenmotion.de\/index.php\/wp-json\/wp\/v2\/comments?post=44"}],"version-history":[{"count":15,"href":"https:\/\/markenmotion.de\/index.php\/wp-json\/wp\/v2\/pages\/44\/revisions"}],"predecessor-version":[{"id":472,"href":"https:\/\/markenmotion.de\/index.php\/wp-json\/wp\/v2\/pages\/44\/revisions\/472"}],"wp:attachment":[{"href":"https:\/\/markenmotion.de\/index.php\/wp-json\/wp\/v2\/media?parent=44"}],"curies":[{"name":"wp","href":"https:\/\/api.w.org\/{rel}","templated":true}]}}